{"id":39,"date":"2024-07-18T16:05:04","date_gmt":"2024-07-18T16:05:04","guid":{"rendered":"https:\/\/demo.casethemes.net\/medicross\/?page_id=39"},"modified":"2026-03-21T01:40:02","modified_gmt":"2026-03-21T00:40:02","slug":"contact-us","status":"publish","type":"page","link":"https:\/\/bellaclinic.net\/fr\/contact-us\/","title":{"rendered":"Contact"},"content":{"rendered":"<h3 data-wow-delay=\"ms\">\n\t\t\t\t\t\u00c9crivez-nous<br \/>\n\t\t<\/h3>\n<ul>\n<li>Home 1<\/li>\n<\/ul>\n<p>Contactez-nous si vous avez des questions ou des demandes. Si vous souhaitez prendre rendez-vous, veuillez soumettre une demande de r\u00e9servation.<\/p>\n<p>                                    <svg xmlns=\"http:\/\/www.w3.org\/2000\/svg\" width=\"32\" height=\"32\" fill=\"#000000\" viewBox=\"0 0 256 256\"><path d=\"M152,96V56a8,8,0,0,1,16,0V76.69l34.34-34.35a8,8,0,0,1,11.32,11.32L179.32,88H200a8,8,0,0,1,0,16H160A8,8,0,0,1,152,96Zm79.88,79.08A56.26,56.26,0,0,1,176,224C96.6,224,32,159.4,32,80A56.24,56.24,0,0,1,80.92,24.13a16,16,0,0,1,16.62,9.51l21.12,47.15,0,.12A16,16,0,0,1,117.39,96c-.18.27-.37.52-.57.77L96,121.45c7.49,15.22,23.41,31,38.83,38.51l24.34-20.71a8.12,8.12,0,0,1,.75-.56,16,16,0,0,1,15.17-1.4l.13.06,47.11,21.11A16,16,0,0,1,231.88,175.08Zm-15.88-2s-.07,0-.11,0h0l-47-21.05-24.35,20.71a6.84,6.84,0,0,1-.74.56,16,16,0,0,1-15.75,1.14c-18.73-9.05-37.4-27.58-46.46-46.11a16,16,0,0,1,1-15.7,6.13,6.13,0,0,1,.57-.77L104,87.15l-21-47a.61.61,0,0,1,0-.12A40.2,40.2,0,0,0,48,80,128.14,128.14,0,0,0,176,208,40.21,40.21,0,0,0,216,173.07Z\"><\/path><\/svg>                                <\/p>\n<h5>\n                        Appelez-nous lorsque vous avez besoin d&rsquo;aide                        <\/h5>\n<p>Support technique 24h\/24 et 7j\/7<br \/>\n<br \/> +90 555-888-2883<br \/>\n                                    <a ><br \/>\n                                        <svg xmlns=\"http:\/\/www.w3.org\/2000\/svg\" id=\"Layer_1\" height=\"512\" viewBox=\"0 0 100 100\" width=\"512\"><path id=\"_x30_8.Whatsapp\" d=\"m50 10c-22.1 0-40 17.9-40 40 0 8.8 2.8 16.9 7.6 23.5l-5.5 14.5 15.9-4.6c6.3 4.2 13.9 6.6 22 6.6 22.1 0 40-17.9 40-40s-17.9-40-40-40zm21.3 56.6-4.3 4.2c-4.5 4.5-16.4-.4-26.9-11-10.5-10.5-15.2-22.4-11-26.8l4.3-4.3c1.6-1.6 4.3-1.6 6 0l6.3 6.3c2.2 2.2 1.3 6-1.6 6.9-2 .7-3.4 2.9-2.7 4.9 1.1 4.7 7.2 10.5 11.7 11.6 2 .5 4.3-.7 4.9-2.7.9-2.9 4.7-3.8 6.9-1.6l6.3 6.3c1.6 1.7 1.6 4.4.1 6.2z\"><\/path><\/svg>                                                        <\/a><\/p>\n<h3 data-wow-delay=\"ms\">\n\t\t\t\t\tSupport technique via WhatsApp<br \/>\n\t\t<\/h3>\n<p>Contactez-nous du lundi au vendredi, de 8h00 \u00e0 17h00, et nos repr\u00e9sentants vous aideront \u00e0 r\u00e9server un rendez-vous qui vous convient.<\/p>\n<p>    <a href=\"http:\/\/wa.me\/905558882883\" data-wow-delay=\"ms\" data-target=\".pxl-page-popup-template-0\"><br \/>\n                        Appel assistance : +90-555-888-2883<br \/>\n    <\/a><br \/>\n                                    <a ><br \/>\n                                        <svg xmlns=\"http:\/\/www.w3.org\/2000\/svg\" xmlns:xlink=\"http:\/\/www.w3.org\/1999\/xlink\" id=\"Layer_1\" x=\"0px\" y=\"0px\" viewBox=\"0 0 512 512\" style=\"enable-background:new 0 0 512 512;\" xml:space=\"preserve\"><path d=\"M488.5,119.5c-4.3-4.3-10.7-6.4-14.9-2.1l-110.9,78.9l0-89.6c0-12.8-8.5-21.3-21.3-21.3H42.7c-12.8,0-21.3,8.5-21.3,21.3 v298.7c0,12.8,8.5,21.3,21.3,21.3h298.7c12.8,0,21.3-8.5,21.3-21.3v-89.6l110.9,76.8c2.1,2.1,4.3,2.1,6.4,2.1 c6.4,0,10.7-4.3,10.7-10.7V128C490.7,125.9,490.7,123.7,488.5,119.5z M112.6,236.8c31.1-0.2,56.2-25,56.1-55.3c0-1.1,0-2.3-0.1-3.4 l46.3-0.2c0,1.1,0.1,2.3,0.1,3.4c0.3,55.9-45.4,101.5-102.1,101.8L112.6,236.8z M269.9,274.2c-31.1,0-56.3,24.7-56.3,55 c0,1.1,0,2.3,0.1,3.4h-46.3c0-1.1-0.1-2.3-0.1-3.4c0-55.9,45.9-101.3,102.6-101.3V274.2z\"><\/path><\/svg>                                                        <\/a><\/p>\n<h3 data-wow-delay=\"ms\">\n\t\t\t\t\tConsultation \u00e0 distance<br \/>\n\t\t<\/h3>\n<p data-start=\"209\" data-end=\"403\">Vous pouvez obtenir votre rendez-vous sans quitter votre domicile. C\u2019est la fa\u00e7on la plus simple d\u2019obtenir les soins dont vous avez besoin pour pr\u00e9server votre sant\u00e9.<\/p>\n<p>    <a href=\"http:\/\/wa.me\/905558882883\" data-wow-delay=\"ms\" data-target=\".pxl-page-popup-template-0\"><br \/>\n                    <svg xmlns=\"http:\/\/www.w3.org\/2000\/svg\" viewBox=\"0 0 24 24\" width=\"512\" style=\"transform:scalex(-1);height:auto;\" data-name=\"Layer 2\"><path d=\"m22 11h-17.586l5.293-5.293a1 1 0 1 0 -1.414-1.414l-7 7a1 1 0 0 0 0 1.414l7 7a1 1 0 0 0 1.414-1.414l-5.293-5.293h17.586a1 1 0 0 0 0-2z\"><\/path><\/svg><br \/>\n                        Obtenez votre consultation gratuite<br \/>\n    <\/a><br \/>\n                                    <a ><br \/>\n                                        <svg xmlns=\"http:\/\/www.w3.org\/2000\/svg\" fill=\"none\" height=\"32\" viewBox=\"0 0 32 32\" width=\"32\"><path d=\"m26 4h-3v-1c0-.26522-.1054-.51957-.2929-.70711-.1875-.18753-.4419-.29289-.7071-.29289s-.5196.10536-.7071.29289c-.1875.18754-.2929.44189-.2929.70711v1h-10v-1c0-.26522-.1054-.51957-.2929-.70711-.1875-.18753-.4419-.29289-.7071-.29289-.26522 0-.51957.10536-.70711.29289-.18753.18754-.29289.44189-.29289.70711v1h-3c-.53043 0-1.03914.21071-1.41421.58579-.37508.37507-.58579.88378-.58579 1.41421v20c0 .5304.21071 1.0391.58579 1.4142.37507.3751.88378.5858 1.41421.5858h20c.5304 0 1.0391-.2107 1.4142-.5858s.5858-.8838.5858-1.4142v-20c0-.53043-.2107-1.03914-.5858-1.41421-.3751-.37508-.8838-.58579-1.4142-.58579zm-4.8125 12.725-5.8375 5.5c-.0908.089-.1982.1591-.3162.2063s-.2442.0705-.3713.0687c-.2562.001-.5027-.0976-.6875-.275l-3.1625-3c-.1016-.0886-.1842-.1969-.2429-.3183-.0587-.1213-.0922-.2533-.0986-.388-.0063-.1346.0146-.2692.0615-.3956.047-.1263.119-.2419.2118-.3397s.2043-.1759.328-.2295.257-.0816.3918-.0824.2684.0257.3927.0778c.1243.0522.2368.129.3307.2257l2.475 2.35 5.15-4.85c.0944-.0917.2063-.1636.3289-.2115.1227-.0478.2536-.0707.3852-.0672.1317.0035.2612.0333.3812.0876.1199.0543.2278.132.3172.2286.1821.1924.2805.4492.2734.714-.007.2648-.1188.516-.3109.6985zm4.8125-6.725h-20v-4h3v1c0 .26522.10536.51957.29289.70711.18754.18753.44189.29289.70711.29289.2652 0 .5196-.10536.7071-.29289.1875-.18754.2929-.44189.2929-.70711v-1h10v1c0 .26522.1054.51957.2929.70711.1875.18753.4419.29289.7071.29289s.5196-.10536.7071-.29289c.1875-.18754.2929-.44189.2929-.70711v-1h3z\" fill=\"rgb(0,0,0)\"><\/path><\/svg>                                                        <\/a><\/p>\n<h3 data-wow-delay=\"ms\">\n\t\t\t\t\tPrise de rendez-vous m\u00e9dical<br \/>\n\t\t<\/h3>\n<p data-start=\"444\" data-end=\"574\">Prenez rendez-vous avec nous dans le centre le plus proche pour examiner directement votre sant\u00e9.<\/p>\n<p>    <a href=\"http:\/\/wa.me\/905558882883\" data-wow-delay=\"ms\" data-target=\".pxl-page-popup-template-0\"><br \/>\n                    <svg xmlns=\"http:\/\/www.w3.org\/2000\/svg\" viewBox=\"0 0 24 24\" width=\"512\" style=\"transform:scalex(-1);height:auto;\" data-name=\"Layer 2\"><path d=\"m22 11h-17.586l5.293-5.293a1 1 0 1 0 -1.414-1.414l-7 7a1 1 0 0 0 0 1.414l7 7a1 1 0 0 0 1.414-1.414l-5.293-5.293h17.586a1 1 0 0 0 0-2z\"><\/path><\/svg><br \/>\n                        Obtenez un rendez-vous m\u00e9dical<br \/>\n    <\/a><\/p>\n<h3 data-wow-delay=\"ms\">\n\t\t\t\t\tContactez-nous d\u00e8s maintenant via le formulaire par e-mail<br \/>\n\t\t<\/h3>\n<p data-start=\"0\" data-end=\"138\">Nous sommes toujours pr\u00eats \u00e0 vous aider \u00e0 tout moment, parlons-en ensemble.<\/p>\n<p>                                    <svg xmlns=\"http:\/\/www.w3.org\/2000\/svg\" width=\"32\" height=\"32\" fill=\"#000000\" viewBox=\"0 0 256 256\"><path d=\"M128,64a40,40,0,1,0,40,40A40,40,0,0,0,128,64Zm0,64a24,24,0,1,1,24-24A24,24,0,0,1,128,128Zm0-112a88.1,88.1,0,0,0-88,88c0,31.4,14.51,64.68,42,96.25a254.19,254.19,0,0,0,41.45,38.3,8,8,0,0,0,9.18,0A254.19,254.19,0,0,0,174,200.25c27.45-31.57,42-64.85,42-96.25A88.1,88.1,0,0,0,128,16Zm0,206c-16.53-13-72-60.75-72-118a72,72,0,0,1,144,0C200,161.23,144.53,209,128,222Z\"><\/path><\/svg>                                <\/p>\n<h5>\n                        Notre emplacement                        <\/h5>\n<p>Turquie &#8211; Istanbul<br \/>\n                                    <svg xmlns=\"http:\/\/www.w3.org\/2000\/svg\" width=\"32\" height=\"32\" fill=\"#000000\" viewBox=\"0 0 256 256\"><path d=\"M168,112a8,8,0,0,1-8,8H96a8,8,0,0,1,0-16h64A8,8,0,0,1,168,112Zm-8,24H96a8,8,0,0,0,0,16h64a8,8,0,0,0,0-16Zm72-12A100.11,100.11,0,0,1,132,224H47.67A15.69,15.69,0,0,1,32,208.33V124a100,100,0,0,1,200,0Zm-16,0a84,84,0,0,0-168,0v84h84A84.09,84.09,0,0,0,216,124Z\"><\/path><\/svg>                                <\/p>\n<h5>\n                        Contactez-nous d\u00e8s maintenant par t\u00e9l\u00e9phone                        <\/h5>\n<p>            Pour r\u00e9server un rendez-vous, appelez :<br \/>\n+90-555-888-2883<br \/>\n                                    <svg xmlns=\"http:\/\/www.w3.org\/2000\/svg\" width=\"32\" height=\"32\" fill=\"#000000\" viewBox=\"0 0 256 256\"><path d=\"M228.44,89.34l-96-64a8,8,0,0,0-8.88,0l-96,64A8,8,0,0,0,24,96V200a16,16,0,0,0,16,16H216a16,16,0,0,0,16-16V96A8,8,0,0,0,228.44,89.34ZM128,41.61l81.91,54.61-67,47.78H113.11l-67-47.78ZM40,200V111.53l65.9,47a8,8,0,0,0,4.65,1.49h34.9a8,8,0,0,0,4.65-1.49l65.9-47V200Z\"><\/path><\/svg>                                <\/p>\n<h5>\n                        E-mail                        <\/h5>\n<p>            E-mail<br \/>\ninfo@bellaclinic.net<br \/>\n                                    <svg xmlns=\"http:\/\/www.w3.org\/2000\/svg\" width=\"32\" height=\"32\" fill=\"#000000\" viewBox=\"0 0 256 256\"><path d=\"M128,32a96,96,0,1,0,96,96A96.11,96.11,0,0,0,128,32Zm0,176a80,80,0,1,1,80-80A80.09,80.09,0,0,1,128,208ZM61.66,29.66l-32,32A8,8,0,0,1,18.34,50.34l32-32A8,8,0,1,1,61.66,29.66Zm176,32a8,8,0,0,1-11.32,0l-32-32a8,8,0,0,1,11.32-11.32l32,32A8,8,0,0,1,237.66,61.66ZM184,120a8,8,0,0,1,0,16H128a8,8,0,0,1-8-8V72a8,8,0,0,1,16,0v48Z\"><\/path><\/svg>                                <\/p>\n<h5>\n                        Horaires officiels de la clinique                        <\/h5>\n<p>Lundi &#8211; Samedi : 8h00 &#8211; 18h00<br \/>\nJours f\u00e9ri\u00e9s : Ferm\u00e9<\/p>\n<p data-start=\"415\" data-end=\"452\">Suivez-nous sur les r\u00e9seaux sociaux :\u00a0<\/p>\n<p>                                    <a href=\"https:\/\/www.facebook.com\/profile.php?id=100092636873673\"><br \/>\n                                                                                    Facebook<br \/>\n                                                        <\/a><br \/>\n                                                <a href=\"https:\/\/www.tiktok.com\/@bella_clinic.tr\"><br \/>\n                                                                                    tiktok<br \/>\n                                                        <\/a><br \/>\n                                                <a href=\"https:\/\/www.instagram.com\/bella_clinic_tr\/\"><br \/>\n                                                                                    Instagrams<br \/>\n                                                        <\/a><br \/>\n    <a href=\"http:\/\/wa.me\/905558882883\" data-wow-delay=\"ms\" data-target=\".pxl-page-popup-template-0\"><br \/>\n                        Book An Appointment<br \/>\n    <\/a><\/p>\n<p role=\"status\" aria-live=\"polite\" aria-atomic=\"true\">\n<ul><\/ul>\n<form action=\"\/fr\/wp-admin\/admin-ajax.php#wpcf7-f3411-o3\" method=\"post\" aria-label=\"Contact form\" novalidate=\"novalidate\" data-status=\"init\">\n<fieldset><input type=\"hidden\" name=\"_wpcf7\" value=\"3411\" \/><input type=\"hidden\" name=\"_wpcf7_version\" value=\"6.1.1\" \/><input type=\"hidden\" name=\"_wpcf7_locale\" value=\"en_US\" \/><input type=\"hidden\" name=\"_wpcf7_unit_tag\" value=\"wpcf7-f3411-o3\" \/><input type=\"hidden\" name=\"_wpcf7_container_post\" value=\"0\" \/><input type=\"hidden\" name=\"_wpcf7_posted_data_hash\" value=\"\" \/><br \/>\n<\/fieldset>\n<p><!-- D'abord : Le code de style (CSS) pour un affichage de gauche \u00e0 droite (LTR) --><\/p>\n<style>\n\/* Style du cadre ext\u00e9rieur du formulaire *\/\n.form-wrapper {\n  max-width: 850px; \/* Largeur maximale pour le cadre *\/\n  margin: 40px auto; \/* Centrer le cadre et ajouter une marge verticale *\/\n  padding: 35px; \/* Marge int\u00e9rieure entre le cadre et le contenu *\/\n  background-color: ##2B4257; \/* Couleur de fond gris tr\u00e8s clair *\/\n  border: 1px solid #dee2e6; \/* Bordure gris fonc\u00e9 *\/\n  border-radius: 8px; \/* Coins l\u00e9g\u00e8rement arrondis *\/\n  box-shadow: 0 5px 15px rgba(0, 0, 0, 0.08); \/* Effet d'ombre *\/\n  direction: ltr; \/* Direction du texte de gauche \u00e0 droite *\/\n  text-align: left; \/* Alignement du texte \u00e0 gauche *\/\n}\n\/* Style du titre principal du formulaire *\/\n.form-wrapper .form-title {\n  text-align: center; \/* Centrer le titre *\/\n  margin-bottom: 30px; \/* Espace sous le titre *\/\n  color: #FFFFFF; \/* Couleur du texte noir fonc\u00e9 *\/\n  font-size: 28px; \/* Taille de la police *\/\n  font-weight: 600; \/* \u00c9paisseur de la police *\/\n}\n\/* Alignement du texte \u00e0 l'int\u00e9rieur des champs de saisie *\/\n.form-wrapper .wpcf7-form-control {\n    text-align: left;\n}\n<\/style>\n<p><!-- Ensuite : Le code du formulaire traduit en fran\u00e7ais --><\/p>\n<h2>Demandez votre consultation gratuite \u00e0 la Bella Clinic<\/h2>\n<p>                        <label>Nom complet*<\/label><br \/>\n                        <input size=\"40\" maxlength=\"400\" id=\"your-name\" aria-required=\"true\" aria-invalid=\"false\" placeholder=\"Nom complet...\" value=\"\" type=\"text\" name=\"your-name\" \/><br \/>\n                        <label>Adresse e-mail*<\/label><br \/>\n                        <input size=\"40\" maxlength=\"400\" id=\"your-email\" aria-required=\"true\" aria-invalid=\"false\" placeholder=\"Votre adresse e-mail...\" value=\"\" type=\"email\" name=\"your-email\" \/><br \/>\n                        <label>Num\u00e9ro de t\u00e9l\u00e9phone*<\/label><br \/>\n                        <input size=\"40\" maxlength=\"400\" id=\"your-phone\" aria-required=\"true\" aria-invalid=\"false\" placeholder=\"Num\u00e9ro de t\u00e9l\u00e9phone...\" value=\"\" type=\"tel\" name=\"your-phone\" \/><br \/>\n                        <label>Intervention souhait\u00e9e*<\/label><br \/>\n                        <select id=\"your-procedure\" aria-required=\"true\" aria-invalid=\"false\" name=\"your-procedure\"><option value=\"--- S\u00e9lectionnez une intervention ---\">&#8212; S\u00e9lectionnez une intervention &#8212;<\/option><option value=\"Lifting du visage\">Lifting du visage<\/option><option value=\"Lifting corporel\">Lifting corporel<\/option><option value=\"Lifting des bras\">Lifting des bras<\/option><option value=\"Implants dentaires\">Implants dentaires<\/option><option value=\"Greffe de cheveux\">Greffe de cheveux<\/option><option value=\"Rhinoplastie\">Rhinoplastie<\/option><option value=\"Liposuccion\">Liposuccion<\/option><option value=\"Augmentation mammaire\">Augmentation mammaire<\/option><\/select><br \/>\n                        <label>Votre message<\/label><br \/>\n                        <textarea cols=\"40\" rows=\"10\" maxlength=\"2000\" id=\"your-message\" aria-invalid=\"false\" placeholder=\"Vous pouvez \u00e9crire ici tout d\u00e9tail suppl\u00e9mentaire ou question...\" name=\"your-message\"><\/textarea><br \/>\n                        <label><input type=\"checkbox\" name=\"checkbox-446[]\" value=\"J&#039;accepte les termes et la politique de confidentialit\u00e9\" \/>J&#039;accepte les termes et la politique de confidentialit\u00e9<\/label><br \/>\n                    <input type=\"submit\" value=\"Envoyer la demande de consultation\" \/><br \/>\n<\/form>\n<p>\t\t\t<iframe loading=\"lazy\"\n\t\t\t\t\tsrc=\"https:\/\/maps.google.com\/maps?q=istanbul&#038;t=m&#038;z=15&#038;output=embed&#038;iwloc=near\"\n\t\t\t\t\ttitle=\"istanbul\"\n\t\t\t\t\taria-label=\"istanbul\"\n\t\t\t><\/iframe><\/p>\n","protected":false},"excerpt":{"rendered":"<p>\u00c9crivez-nous Home 1 Contactez-nous si vous avez des questions ou des demandes. Si vous souhaitez prendre rendez-vous, veuillez soumettre une demande de r\u00e9servation. Appelez-nous lorsque vous avez besoin d&rsquo;aide Support technique 24h\/24 et 7j\/7 +90 555-888-2883 Support technique via WhatsApp Contactez-nous du lundi au vendredi, de 8h00 \u00e0 17h00, et nos repr\u00e9sentants vous aideront \u00e0 [&hellip;]<\/p>\n","protected":false},"author":1,"featured_media":0,"parent":0,"menu_order":0,"comment_status":"closed","ping_status":"closed","template":"templates\/contact-template.php","meta":{"footnotes":""},"class_list":["post-39","page","type-page","status-publish","hentry"],"yoast_head":"<!-- This site is optimized with the Yoast SEO plugin v27.3 - https:\/\/yoast.com\/product\/yoast-seo-wordpress\/ -->\n<title>Contact - bellaclinic<\/title>\n<meta name=\"robots\" content=\"index, follow, max-snippet:-1, max-image-preview:large, max-video-preview:-1\" \/>\n<link rel=\"canonical\" href=\"https:\/\/bellaclinic.net\/fr\/contact-us\/\" \/>\n<meta property=\"og:locale\" content=\"fr_FR\" \/>\n<meta property=\"og:type\" content=\"article\" \/>\n<meta property=\"og:title\" content=\"Contact - bellaclinic\" \/>\n<meta property=\"og:description\" content=\"\u00c9crivez-nous Home 1 Contactez-nous si vous avez des questions ou des demandes. Si vous souhaitez prendre rendez-vous, veuillez soumettre une demande de r\u00e9servation. Appelez-nous lorsque vous avez besoin d&rsquo;aide Support technique 24h\/24 et 7j\/7 +90 555-888-2883 Support technique via WhatsApp Contactez-nous du lundi au vendredi, de 8h00 \u00e0 17h00, et nos repr\u00e9sentants vous aideront \u00e0 [&hellip;]\" \/>\n<meta property=\"og:url\" content=\"https:\/\/bellaclinic.net\/fr\/contact-us\/\" \/>\n<meta property=\"og:site_name\" content=\"bellaclinic\" \/>\n<meta property=\"article:modified_time\" content=\"2026-03-21T00:40:02+00:00\" \/>\n<meta name=\"twitter:card\" content=\"summary_large_image\" \/>\n<meta name=\"twitter:label1\" content=\"Dur\u00e9e de lecture estim\u00e9e\" \/>\n\t<meta name=\"twitter:data1\" content=\"2 minutes\" \/>\n<script type=\"application\/ld+json\" class=\"yoast-schema-graph\">{\"@context\":\"https:\\\/\\\/schema.org\",\"@graph\":[{\"@type\":\"WebPage\",\"@id\":\"https:\\\/\\\/bellaclinic.net\\\/fr\\\/contact-us\\\/\",\"url\":\"https:\\\/\\\/bellaclinic.net\\\/fr\\\/contact-us\\\/\",\"name\":\"Contact - bellaclinic\",\"isPartOf\":{\"@id\":\"https:\\\/\\\/bellaclinic.net\\\/fr\\\/#website\"},\"datePublished\":\"2024-07-18T16:05:04+00:00\",\"dateModified\":\"2026-03-21T00:40:02+00:00\",\"breadcrumb\":{\"@id\":\"https:\\\/\\\/bellaclinic.net\\\/fr\\\/contact-us\\\/#breadcrumb\"},\"inLanguage\":\"fr-FR\",\"potentialAction\":[{\"@type\":\"ReadAction\",\"target\":[\"https:\\\/\\\/bellaclinic.net\\\/fr\\\/contact-us\\\/\"]}]},{\"@type\":\"BreadcrumbList\",\"@id\":\"https:\\\/\\\/bellaclinic.net\\\/fr\\\/contact-us\\\/#breadcrumb\",\"itemListElement\":[{\"@type\":\"ListItem\",\"position\":1,\"name\":\"Accueil\",\"item\":\"https:\\\/\\\/bellaclinic.net\\\/fr\\\/\"},{\"@type\":\"ListItem\",\"position\":2,\"name\":\"Contact\"}]},{\"@type\":\"WebSite\",\"@id\":\"https:\\\/\\\/bellaclinic.net\\\/fr\\\/#website\",\"url\":\"https:\\\/\\\/bellaclinic.net\\\/fr\\\/\",\"name\":\"bellaclinic\",\"description\":\"\",\"publisher\":{\"@id\":\"https:\\\/\\\/bellaclinic.net\\\/fr\\\/#organization\"},\"potentialAction\":[{\"@type\":\"SearchAction\",\"target\":{\"@type\":\"EntryPoint\",\"urlTemplate\":\"https:\\\/\\\/bellaclinic.net\\\/fr\\\/?s={search_term_string}\"},\"query-input\":{\"@type\":\"PropertyValueSpecification\",\"valueRequired\":true,\"valueName\":\"search_term_string\"}}],\"inLanguage\":\"fr-FR\"},{\"@type\":\"Organization\",\"@id\":\"https:\\\/\\\/bellaclinic.net\\\/fr\\\/#organization\",\"name\":\"bellaclinic\",\"url\":\"https:\\\/\\\/bellaclinic.net\\\/fr\\\/\",\"logo\":{\"@type\":\"ImageObject\",\"inLanguage\":\"fr-FR\",\"@id\":\"https:\\\/\\\/bellaclinic.net\\\/fr\\\/#\\\/schema\\\/logo\\\/image\\\/\",\"url\":\"https:\\\/\\\/bellaclinic.net\\\/fr\\\/wp-content\\\/uploads\\\/2025\\\/08\\\/WhatsApp-Image-2025-07-16-at-10.52.40_6328efc4-1.png\",\"contentUrl\":\"https:\\\/\\\/bellaclinic.net\\\/fr\\\/wp-content\\\/uploads\\\/2025\\\/08\\\/WhatsApp-Image-2025-07-16-at-10.52.40_6328efc4-1.png\",\"width\":452,\"height\":156,\"caption\":\"bellaclinic\"},\"image\":{\"@id\":\"https:\\\/\\\/bellaclinic.net\\\/fr\\\/#\\\/schema\\\/logo\\\/image\\\/\"}}]}<\/script>\n<!-- \/ Yoast SEO plugin. -->","yoast_head_json":{"title":"Contact - bellaclinic","robots":{"index":"index","follow":"follow","max-snippet":"max-snippet:-1","max-image-preview":"max-image-preview:large","max-video-preview":"max-video-preview:-1"},"canonical":"https:\/\/bellaclinic.net\/fr\/contact-us\/","og_locale":"fr_FR","og_type":"article","og_title":"Contact - bellaclinic","og_description":"\u00c9crivez-nous Home 1 Contactez-nous si vous avez des questions ou des demandes. Si vous souhaitez prendre rendez-vous, veuillez soumettre une demande de r\u00e9servation. Appelez-nous lorsque vous avez besoin d&rsquo;aide Support technique 24h\/24 et 7j\/7 +90 555-888-2883 Support technique via WhatsApp Contactez-nous du lundi au vendredi, de 8h00 \u00e0 17h00, et nos repr\u00e9sentants vous aideront \u00e0 [&hellip;]","og_url":"https:\/\/bellaclinic.net\/fr\/contact-us\/","og_site_name":"bellaclinic","article_modified_time":"2026-03-21T00:40:02+00:00","twitter_card":"summary_large_image","twitter_misc":{"Dur\u00e9e de lecture estim\u00e9e":"2 minutes"},"schema":{"@context":"https:\/\/schema.org","@graph":[{"@type":"WebPage","@id":"https:\/\/bellaclinic.net\/fr\/contact-us\/","url":"https:\/\/bellaclinic.net\/fr\/contact-us\/","name":"Contact - bellaclinic","isPartOf":{"@id":"https:\/\/bellaclinic.net\/fr\/#website"},"datePublished":"2024-07-18T16:05:04+00:00","dateModified":"2026-03-21T00:40:02+00:00","breadcrumb":{"@id":"https:\/\/bellaclinic.net\/fr\/contact-us\/#breadcrumb"},"inLanguage":"fr-FR","potentialAction":[{"@type":"ReadAction","target":["https:\/\/bellaclinic.net\/fr\/contact-us\/"]}]},{"@type":"BreadcrumbList","@id":"https:\/\/bellaclinic.net\/fr\/contact-us\/#breadcrumb","itemListElement":[{"@type":"ListItem","position":1,"name":"Accueil","item":"https:\/\/bellaclinic.net\/fr\/"},{"@type":"ListItem","position":2,"name":"Contact"}]},{"@type":"WebSite","@id":"https:\/\/bellaclinic.net\/fr\/#website","url":"https:\/\/bellaclinic.net\/fr\/","name":"bellaclinic","description":"","publisher":{"@id":"https:\/\/bellaclinic.net\/fr\/#organization"},"potentialAction":[{"@type":"SearchAction","target":{"@type":"EntryPoint","urlTemplate":"https:\/\/bellaclinic.net\/fr\/?s={search_term_string}"},"query-input":{"@type":"PropertyValueSpecification","valueRequired":true,"valueName":"search_term_string"}}],"inLanguage":"fr-FR"},{"@type":"Organization","@id":"https:\/\/bellaclinic.net\/fr\/#organization","name":"bellaclinic","url":"https:\/\/bellaclinic.net\/fr\/","logo":{"@type":"ImageObject","inLanguage":"fr-FR","@id":"https:\/\/bellaclinic.net\/fr\/#\/schema\/logo\/image\/","url":"https:\/\/bellaclinic.net\/fr\/wp-content\/uploads\/2025\/08\/WhatsApp-Image-2025-07-16-at-10.52.40_6328efc4-1.png","contentUrl":"https:\/\/bellaclinic.net\/fr\/wp-content\/uploads\/2025\/08\/WhatsApp-Image-2025-07-16-at-10.52.40_6328efc4-1.png","width":452,"height":156,"caption":"bellaclinic"},"image":{"@id":"https:\/\/bellaclinic.net\/fr\/#\/schema\/logo\/image\/"}}]}},"_links":{"self":[{"href":"https:\/\/bellaclinic.net\/fr\/wp-json\/wp\/v2\/pages\/39","targetHints":{"allow":["GET"]}}],"collection":[{"href":"https:\/\/bellaclinic.net\/fr\/wp-json\/wp\/v2\/pages"}],"about":[{"href":"https:\/\/bellaclinic.net\/fr\/wp-json\/wp\/v2\/types\/page"}],"author":[{"embeddable":true,"href":"https:\/\/bellaclinic.net\/fr\/wp-json\/wp\/v2\/users\/1"}],"replies":[{"embeddable":true,"href":"https:\/\/bellaclinic.net\/fr\/wp-json\/wp\/v2\/comments?post=39"}],"version-history":[{"count":1,"href":"https:\/\/bellaclinic.net\/fr\/wp-json\/wp\/v2\/pages\/39\/revisions"}],"predecessor-version":[{"id":11208,"href":"https:\/\/bellaclinic.net\/fr\/wp-json\/wp\/v2\/pages\/39\/revisions\/11208"}],"wp:attachment":[{"href":"https:\/\/bellaclinic.net\/fr\/wp-json\/wp\/v2\/media?parent=39"}],"curies":[{"name":"wp","href":"https:\/\/api.w.org\/{rel}","templated":true}]}}